{"id":17,"date":"2024-09-25T22:34:32","date_gmt":"2024-09-25T22:34:32","guid":{"rendered":"https:\/\/transporteszugom.mx\/?page_id=17"},"modified":"2024-10-02T17:40:45","modified_gmt":"2024-10-02T17:40:45","slug":"17-2","status":"publish","type":"page","link":"https:\/\/transporteszugom.mx\/","title":{"rendered":"Inicio"},"content":{"rendered":"\n<div class=\"slider-wrapper relative\" id=\"slider-240031059\" >\n    <div class=\"slider slider-nav-circle slider-nav-large slider-nav-light slider-style-normal\"\n        data-flickity-options='{\n            \"cellAlign\": \"center\",\n            \"imagesLoaded\": true,\n            \"lazyLoad\": 1,\n            \"freeScroll\": false,\n            \"wrapAround\": true,\n            \"autoPlay\": 6000,\n            \"pauseAutoPlayOnHover\" : true,\n            \"prevNextButtons\": true,\n            \"contain\" : true,\n            \"adaptiveHeight\" : true,\n            \"dragThreshold\" : 10,\n            \"percentPosition\": true,\n            \"pageDots\": true,\n            \"rightToLeft\": false,\n            \"draggable\": true,\n            \"selectedAttraction\": 0.1,\n            \"parallax\" : 0,\n            \"friction\": 0.6        }'\n        >\n        \n\n\n  <div class=\"banner has-hover\" id=\"banner-678958036\">\n          <div class=\"banner-inner fill\">\n        <div class=\"banner-bg fill\" >\n            <img loading=\"lazy\" decoding=\"async\" width=\"1020\" height=\"680\" src=\"https:\/\/transporteszugom.mx\/wp-content\/uploads\/2024\/09\/DSC00053-copy-0-1024x683.jpg\" class=\"bg attachment-large size-large\" alt=\"\" \/>                        <div class=\"overlay\"><\/div>            \n                    <\/div>\n\t\t\n        <div class=\"banner-layers container\">\n            <div class=\"fill banner-link\"><\/div>            \n\n   <div id=\"text-box-780451489\" class=\"text-box banner-layer x50 md-x50 lg-x50 y50 md-y50 lg-y50 res-text\">\n                     <div data-animate=\"flipInY\">           <div class=\"text-box-content text dark\">\n              \n              <div class=\"text-inner text-center\">\n                  \n\n<div class=\"is-divider divider clearfix\" style=\"margin-top:3px;margin-bottom:3px;\"><\/div>\n\n<h2 class=\"h-large uppercase\"><strong>Viajes seguros para el talento que<\/strong><\/h2>\n<h1 class=\"h-large uppercase\"><strong>impulsa tu empresa<\/strong><\/h1>\n<div class=\"is-divider divider clearfix\" ><\/div>\n\n<a href=\"#\" class=\"button white is-outline\"  >\n\t\t<span>personal<\/span>\n\t<\/a>\n\n\n<a href=\"#\" class=\"button white is-outline\"  >\n\t\t<span>personalizado<\/span>\n\t<\/a>\n\n\n<a href=\"#\" class=\"button white is-outline\"  >\n\t\t<span>ejecutivo<\/span>\n\t<\/a>\n\n\n\n              <\/div>\n           <\/div>\n       <\/div>                     \n<style>\n#text-box-780451489 {\n  width: 100%;\n}\n#text-box-780451489 .text-box-content {\n  font-size: 100%;\n}\n@media (min-width:550px) {\n  #text-box-780451489 {\n    width: 64%;\n  }\n}\n<\/style>\n    <\/div>\n \n\n        <\/div>\n      <\/div>\n\n            \n<style>\n#banner-678958036 {\n  padding-top: 600px;\n}\n#banner-678958036 .overlay {\n  background-color: rgba(0,0,0,.5);\n}\n#banner-678958036 .banner-bg img {\n  object-position: 63% 62%;\n}\n<\/style>\n  <\/div>\n\n\n\n  <div class=\"banner has-hover\" id=\"banner-1085491903\">\n          <div class=\"banner-inner fill\">\n        <div class=\"banner-bg fill\" >\n            <img loading=\"lazy\" decoding=\"async\" width=\"1020\" height=\"677\" src=\"https:\/\/transporteszugom.mx\/wp-content\/uploads\/2024\/09\/pikaso_texttoimage_A-white-Ford-Transit-passenger-van-parked-in-front-e1728065775104-1024x680.png\" class=\"bg attachment-large size-large\" alt=\"\" \/>                        <div class=\"overlay\"><\/div>            \n                    <\/div>\n\t\t\n        <div class=\"banner-layers container\">\n            <div class=\"fill banner-link\"><\/div>            \n\n   <div id=\"text-box-631801256\" class=\"text-box banner-layer x50 md-x50 lg-x50 y50 md-y50 lg-y50 res-text\">\n                                <div class=\"text-box-content text dark\">\n              \n              <div class=\"text-inner text-center\">\n                  \n\n<h1>Viajes estudiantiles<\/h1>\n<p>Programa tu viaje de estudios<\/p>\n<div class=\"is-divider divider clearfix\" style=\"background-color:rgb(255, 255, 255);\"><\/div>\n\n<a class=\"button primary\"  >\n\t\t<span>contactar<\/span>\n\t<\/a>\n\n\n\n              <\/div>\n           <\/div>\n                            \n<style>\n#text-box-631801256 {\n  width: 60%;\n}\n#text-box-631801256 .text-box-content {\n  font-size: 100%;\n}\n<\/style>\n    <\/div>\n \n\n        <\/div>\n      <\/div>\n\n            \n<style>\n#banner-1085491903 {\n  padding-top: 600px;\n}\n#banner-1085491903 .overlay {\n  background-color: rgba(0,0,0,.5);\n}\n<\/style>\n  <\/div>\n\n\n\n     <\/div>\n\n     <div class=\"loading-spin dark large centered\"><\/div>\n\n\t<\/div>\n\n\n<div class=\"container section-title-container\" ><h3 class=\"section-title section-title-center\"><b><\/b><span class=\"section-title-main\" >\u00bfPorque confiar en nosotros?<\/span><b><\/b><\/h3><\/div>\n\n<div class=\"row row-divided\"  id=\"row-1239298070\">\n\n\n\t<div id=\"col-56353791\" class=\"col medium-4 large-4\"  >\n\t\t\t\t<div class=\"col-inner\"  >\n\t\t\t\n\t\t\t\n\n\n\t\t<div class=\"icon-box featured-box icon-box-center text-center\"  style=\"margin:0px 0px 0px 0px;\">\n\t\t\t\t\t<div class=\"icon-box-img has-icon-bg\" style=\"width: 46px\">\n\t\t\t\t<div class=\"icon\">\n\t\t\t\t\t<div class=\"icon-inner\" style=\"border-width:2px;color:rgb(182, 182, 182);\">\n\t\t\t\t\t\t<img loading=\"lazy\" decoding=\"async\" width=\"300\" height=\"300\" src=\"https:\/\/transporteszugom.mx\/wp-content\/uploads\/2024\/09\/proteger-1-300x300.png\" class=\"attachment-medium size-medium\" alt=\"\" srcset=\"https:\/\/transporteszugom.mx\/wp-content\/uploads\/2024\/09\/proteger-1-300x300.png 300w, https:\/\/transporteszugom.mx\/wp-content\/uploads\/2024\/09\/proteger-1-150x150.png 150w, https:\/\/transporteszugom.mx\/wp-content\/uploads\/2024\/09\/proteger-1-100x100.png 100w, https:\/\/transporteszugom.mx\/wp-content\/uploads\/2024\/09\/proteger-1.png 512w\" sizes=\"auto, (max-width: 300px) 100vw, 300px\" \/>\t\t\t\t\t<\/div>\n\t\t\t\t<\/div>\n\t\t\t<\/div>\n\t\t\t\t<div class=\"icon-box-text last-reset\">\n\t\t\t<h5 class=\"uppercase\">Seguridad Garantizada<\/h5>\t\t\t\t\t\t\n\n<p>Conductores capacitados y veh\u00edculos monitoreados 24\/7<\/p>\n\n\t\t<\/div>\n\t<\/div>\n\t\n\t\n\n\t\t<\/div>\n\t\t\t\t\t<\/div>\n\n\t\n\n\t<div id=\"col-866141344\" class=\"col medium-4 large-4\"  >\n\t\t\t\t<div class=\"col-inner\"  >\n\t\t\t\n\t\t\t\n\n\n\t\t<div class=\"icon-box featured-box icon-box-center text-center\"  style=\"margin:0px 0px 0px 0px;\">\n\t\t\t\t\t<div class=\"icon-box-img has-icon-bg\" style=\"width: 46px\">\n\t\t\t\t<div class=\"icon\">\n\t\t\t\t\t<div class=\"icon-inner\" style=\"border-width:2px;color:rgb(182, 182, 182);\">\n\t\t\t\t\t\t<img loading=\"lazy\" decoding=\"async\" width=\"300\" height=\"300\" src=\"https:\/\/transporteszugom.mx\/wp-content\/uploads\/2024\/09\/comodidad-300x300.png\" class=\"attachment-medium size-medium\" alt=\"\" srcset=\"https:\/\/transporteszugom.mx\/wp-content\/uploads\/2024\/09\/comodidad-300x300.png 300w, https:\/\/transporteszugom.mx\/wp-content\/uploads\/2024\/09\/comodidad-150x150.png 150w, https:\/\/transporteszugom.mx\/wp-content\/uploads\/2024\/09\/comodidad-100x100.png 100w, https:\/\/transporteszugom.mx\/wp-content\/uploads\/2024\/09\/comodidad.png 512w\" sizes=\"auto, (max-width: 300px) 100vw, 300px\" \/>\t\t\t\t\t<\/div>\n\t\t\t\t<\/div>\n\t\t\t<\/div>\n\t\t\t\t<div class=\"icon-box-text last-reset\">\n\t\t\t<h5 class=\"uppercase\">cOMODIDAD Y PUNTUALIDAD<\/h5>\t\t\t\t\t\t\n\n<p>Servicios personalizados para cumplir con tus necesidades de horario.<\/p>\n\n\t\t<\/div>\n\t<\/div>\n\t\n\t\n\n\t\t<\/div>\n\t\t\t\t\t<\/div>\n\n\t\n\n\t<div id=\"col-1773674209\" class=\"col medium-4 large-4\"  >\n\t\t\t\t<div class=\"col-inner\"  >\n\t\t\t\n\t\t\t\n\n\n\t\t<div class=\"icon-box featured-box icon-box-center text-center\"  style=\"margin:0px 0px 0px 0px;\">\n\t\t\t\t\t<div class=\"icon-box-img has-icon-bg\" style=\"width: 46px\">\n\t\t\t\t<div class=\"icon\">\n\t\t\t\t\t<div class=\"icon-inner\" style=\"border-width:2px;color:rgb(182, 182, 182);\">\n\t\t\t\t\t\t<img loading=\"lazy\" decoding=\"async\" width=\"300\" height=\"300\" src=\"https:\/\/transporteszugom.mx\/wp-content\/uploads\/2024\/09\/confianza-300x300.png\" class=\"attachment-medium size-medium\" alt=\"\" srcset=\"https:\/\/transporteszugom.mx\/wp-content\/uploads\/2024\/09\/confianza-300x300.png 300w, https:\/\/transporteszugom.mx\/wp-content\/uploads\/2024\/09\/confianza-150x150.png 150w, https:\/\/transporteszugom.mx\/wp-content\/uploads\/2024\/09\/confianza-100x100.png 100w, https:\/\/transporteszugom.mx\/wp-content\/uploads\/2024\/09\/confianza.png 512w\" sizes=\"auto, (max-width: 300px) 100vw, 300px\" \/>\t\t\t\t\t<\/div>\n\t\t\t\t<\/div>\n\t\t\t<\/div>\n\t\t\t\t<div class=\"icon-box-text last-reset\">\n\t\t\t<h5 class=\"uppercase\">EXPERIENCIA Y CONFIANZA<\/h5>\t\t\t\t\t\t\n\n<p>M\u00e1s de 5 a\u00f1os moviendo al talento de M\u00e9xico<\/p>\n\n\t\t<\/div>\n\t<\/div>\n\t\n\t\n\n\t\t<\/div>\n\t\t\t\t\t<\/div>\n\n\t\n\n<\/div>\n<div class=\"container section-title-container\" ><h3 class=\"section-title section-title-center\"><b><\/b><span class=\"section-title-main\" >nuestros servicios<\/span><b><\/b><\/h3><\/div>\n\n<div class=\"row\"  id=\"row-796099009\">\n\n\n\t<div id=\"col-1125261879\" class=\"col medium-4 small-12 large-4\"  >\n\t\t\t\t<div class=\"col-inner\"  >\n\t\t\t\n\t\t\t\n\n\n\t\t<div class=\"icon-box featured-box icon-box-center text-center\"  >\n\t\t\t\t\t<div class=\"icon-box-img\" style=\"width: 60px\">\n\t\t\t\t<div class=\"icon\">\n\t\t\t\t\t<div class=\"icon-inner\" >\n\t\t\t\t\t\t<img loading=\"lazy\" decoding=\"async\" width=\"300\" height=\"300\" src=\"https:\/\/transporteszugom.mx\/wp-content\/uploads\/2024\/10\/la-red-300x300.png\" class=\"attachment-medium size-medium\" alt=\"\" srcset=\"https:\/\/transporteszugom.mx\/wp-content\/uploads\/2024\/10\/la-red-300x300.png 300w, https:\/\/transporteszugom.mx\/wp-content\/uploads\/2024\/10\/la-red-150x150.png 150w, https:\/\/transporteszugom.mx\/wp-content\/uploads\/2024\/10\/la-red-100x100.png 100w, https:\/\/transporteszugom.mx\/wp-content\/uploads\/2024\/10\/la-red.png 512w\" sizes=\"auto, (max-width: 300px) 100vw, 300px\" \/>\t\t\t\t\t<\/div>\n\t\t\t\t<\/div>\n\t\t\t<\/div>\n\t\t\t\t<div class=\"icon-box-text last-reset\">\n\t\t\t\t\t\t\t\t\t\n\n<h3>Transporte de personal<\/h3>\n<p>Para empresas y corporativos, asegurando comodidad y puntualidad<\/p>\n\n\t\t<\/div>\n\t<\/div>\n\t\n\t\n\n\t\t<\/div>\n\t\t\t\t\t<\/div>\n\n\t\n\n\t<div id=\"col-398984634\" class=\"col medium-4 small-12 large-4\"  >\n\t\t\t\t<div class=\"col-inner\"  >\n\t\t\t\n\t\t\t\n\n\n\t\t<div class=\"icon-box featured-box icon-box-center text-center\"  >\n\t\t\t\t\t<div class=\"icon-box-img\" style=\"width: 60px\">\n\t\t\t\t<div class=\"icon\">\n\t\t\t\t\t<div class=\"icon-inner\" >\n\t\t\t\t\t\t<img loading=\"lazy\" decoding=\"async\" width=\"300\" height=\"300\" src=\"https:\/\/transporteszugom.mx\/wp-content\/uploads\/2024\/10\/gerente-300x300.png\" class=\"attachment-medium size-medium\" alt=\"\" srcset=\"https:\/\/transporteszugom.mx\/wp-content\/uploads\/2024\/10\/gerente-300x300.png 300w, https:\/\/transporteszugom.mx\/wp-content\/uploads\/2024\/10\/gerente-150x150.png 150w, https:\/\/transporteszugom.mx\/wp-content\/uploads\/2024\/10\/gerente-100x100.png 100w, https:\/\/transporteszugom.mx\/wp-content\/uploads\/2024\/10\/gerente.png 512w\" sizes=\"auto, (max-width: 300px) 100vw, 300px\" \/>\t\t\t\t\t<\/div>\n\t\t\t\t<\/div>\n\t\t\t<\/div>\n\t\t\t\t<div class=\"icon-box-text last-reset\">\n\t\t\t\t\t\t\t\t\t\n\n<h3>Personal Ejecutivo<\/h3>\n<p>Traslado a cursos, convenciones, reuniones, aeropuertos, etc.<\/p>\n\n\t\t<\/div>\n\t<\/div>\n\t\n\t\n\n\t\t<\/div>\n\t\t\t\t\t<\/div>\n\n\t\n\n\t<div id=\"col-893104833\" class=\"col medium-4 small-12 large-4\"  >\n\t\t\t\t<div class=\"col-inner\"  >\n\t\t\t\n\t\t\t\n\n\n\t\t<div class=\"icon-box featured-box icon-box-center text-center\"  >\n\t\t\t\t\t<div class=\"icon-box-img\" style=\"width: 60px\">\n\t\t\t\t<div class=\"icon\">\n\t\t\t\t\t<div class=\"icon-inner\" >\n\t\t\t\t\t\t<img loading=\"lazy\" decoding=\"async\" width=\"300\" height=\"300\" src=\"https:\/\/transporteszugom.mx\/wp-content\/uploads\/2024\/10\/alumno-300x300.png\" class=\"attachment-medium size-medium\" alt=\"\" srcset=\"https:\/\/transporteszugom.mx\/wp-content\/uploads\/2024\/10\/alumno-300x300.png 300w, https:\/\/transporteszugom.mx\/wp-content\/uploads\/2024\/10\/alumno-150x150.png 150w, https:\/\/transporteszugom.mx\/wp-content\/uploads\/2024\/10\/alumno-100x100.png 100w, https:\/\/transporteszugom.mx\/wp-content\/uploads\/2024\/10\/alumno.png 512w\" sizes=\"auto, (max-width: 300px) 100vw, 300px\" \/>\t\t\t\t\t<\/div>\n\t\t\t\t<\/div>\n\t\t\t<\/div>\n\t\t\t\t<div class=\"icon-box-text last-reset\">\n\t\t\t\t\t\t\t\t\t\n\n<h3>Escolar<\/h3>\n<p>Traslado a parque diversiones, excursiones, graduaciones y mucho m\u00e1s.\u00a0<\/p>\n\n\t\t<\/div>\n\t<\/div>\n\t\n\t\n\n\t\t<\/div>\n\t\t\t\t\t<\/div>\n\n\t\n\n<\/div>\n\n\t<section class=\"section\" id=\"section_559878691\">\n\t\t<div class=\"section-bg fill\" >\n\t\t\t\t\t\t\t\t\t\n\t\t\t\n\n\t\t<\/div>\n\n\t\t\n\n\t\t<div class=\"section-content relative\">\n\t\t\t\n\n<div class=\"row align-center\"  id=\"row-247589177\">\n\n\n\t<div id=\"col-1948662394\" class=\"col medium-10 small-12 large-10\"  >\n\t\t\t\t<div class=\"col-inner text-center\"  >\n\t\t\t\n\t\t\t\n\n\n\t\t<div class=\"icon-box featured-box icon-box-left text-left\"  >\n\t\t\t\t\t<div class=\"icon-box-img\" style=\"width: 158px\">\n\t\t\t\t<div class=\"icon\">\n\t\t\t\t\t<div class=\"icon-inner\" style=\"color:rgb(255, 255, 255);\">\n\t\t\t\t\t\t<img loading=\"lazy\" decoding=\"async\" width=\"300\" height=\"300\" src=\"https:\/\/transporteszugom.mx\/wp-content\/uploads\/2024\/10\/mexico-300x300.png\" class=\"attachment-medium size-medium\" alt=\"\" srcset=\"https:\/\/transporteszugom.mx\/wp-content\/uploads\/2024\/10\/mexico-300x300.png 300w, https:\/\/transporteszugom.mx\/wp-content\/uploads\/2024\/10\/mexico-150x150.png 150w, https:\/\/transporteszugom.mx\/wp-content\/uploads\/2024\/10\/mexico-100x100.png 100w, https:\/\/transporteszugom.mx\/wp-content\/uploads\/2024\/10\/mexico.png 512w\" sizes=\"auto, (max-width: 300px) 100vw, 300px\" \/>\t\t\t\t\t<\/div>\n\t\t\t\t<\/div>\n\t\t\t<\/div>\n\t\t\t\t<div class=\"icon-box-text last-reset\">\n\t\t\t\t\t\t\t\t\t\n\n\t<div id=\"text-2514712428\" class=\"text\">\n\t\t\n\n<h3>Cobertura nacional para viajes de turistas<\/h3>\n<p>\u00bfListo para tu pr\u00f3xima aventura? Con ZUGOM, viajar es f\u00e1cil, c\u00f3modo y seguro. Ya sea que planees una escapada con amigos, una excursi\u00f3n familiar o un viaje corporativo, \u00a1nosotros te llevamos!<\/p>\n\t\t\n<style>\n#text-2514712428 {\n  font-size: 1.3rem;\n  color: rgb(255,255,255);\n}\n#text-2514712428 > * {\n  color: rgb(255,255,255);\n}\n<\/style>\n\t<\/div>\n\t\n\n\t\t<\/div>\n\t<\/div>\n\t\n\t\n\n\t\t<\/div>\n\t\t\t\t\t<\/div>\n\n\t\n\n<\/div>\n\n\t\t<\/div>\n\n\t\t\n<style>\n#section_559878691 {\n  padding-top: 60px;\n  padding-bottom: 60px;\n  min-height: 300px;\n  background-color: rgb(2, 79, 180);\n}\n<\/style>\n\t<\/section>\n\t\n\n","protected":false},"excerpt":{"rendered":"","protected":false},"author":1,"featured_media":0,"parent":0,"menu_order":0,"comment_status":"closed","ping_status":"closed","template":"page-blank.php","meta":{"footnotes":""},"class_list":["post-17","page","type-page","status-publish","hentry"],"_links":{"self":[{"href":"https:\/\/transporteszugom.mx\/index.php\/wp-json\/wp\/v2\/pages\/17","targetHints":{"allow":["GET"]}}],"collection":[{"href":"https:\/\/transporteszugom.mx\/index.php\/wp-json\/wp\/v2\/pages"}],"about":[{"href":"https:\/\/transporteszugom.mx\/index.php\/wp-json\/wp\/v2\/types\/page"}],"author":[{"embeddable":true,"href":"https:\/\/transporteszugom.mx\/index.php\/wp-json\/wp\/v2\/users\/1"}],"replies":[{"embeddable":true,"href":"https:\/\/transporteszugom.mx\/index.php\/wp-json\/wp\/v2\/comments?post=17"}],"version-history":[{"count":7,"href":"https:\/\/transporteszugom.mx\/index.php\/wp-json\/wp\/v2\/pages\/17\/revisions"}],"predecessor-version":[{"id":38,"href":"https:\/\/transporteszugom.mx\/index.php\/wp-json\/wp\/v2\/pages\/17\/revisions\/38"}],"wp:attachment":[{"href":"https:\/\/transporteszugom.mx\/index.php\/wp-json\/wp\/v2\/media?parent=17"}],"curies":[{"name":"wp","href":"https:\/\/api.w.org\/{rel}","templated":true}]}}