{"id":40,"date":"2024-10-02T18:05:05","date_gmt":"2024-10-02T18:05:05","guid":{"rendered":"https:\/\/transporteszugom.mx\/?page_id=40"},"modified":"2024-10-03T19:34:22","modified_gmt":"2024-10-03T19:34:22","slug":"la-empresa","status":"publish","type":"page","link":"https:\/\/transporteszugom.mx\/index.php\/la-empresa\/","title":{"rendered":"La empresa"},"content":{"rendered":"\n<div class=\"slider-wrapper relative\" id=\"slider-1309083628\" >\n    <div class=\"slider slider-nav-circle slider-nav-large slider-nav-light slider-style-normal\"\n        data-flickity-options='{\n            \"cellAlign\": \"center\",\n            \"imagesLoaded\": true,\n            \"lazyLoad\": 1,\n            \"freeScroll\": false,\n            \"wrapAround\": true,\n            \"autoPlay\": 6000,\n            \"pauseAutoPlayOnHover\" : true,\n            \"prevNextButtons\": true,\n            \"contain\" : true,\n            \"adaptiveHeight\" : true,\n            \"dragThreshold\" : 10,\n            \"percentPosition\": true,\n            \"pageDots\": true,\n            \"rightToLeft\": false,\n            \"draggable\": true,\n            \"selectedAttraction\": 0.1,\n            \"parallax\" : 0,\n            \"friction\": 0.6        }'\n        >\n        \n\n\n  <div class=\"banner has-hover\" id=\"banner-734941025\">\n          <div class=\"banner-inner fill\">\n        <div class=\"banner-bg fill\" >\n            <img loading=\"lazy\" decoding=\"async\" width=\"1500\" height=\"1000\" src=\"https:\/\/transporteszugom.mx\/wp-content\/uploads\/2024\/10\/15854.jpg\" class=\"bg attachment-original size-original\" alt=\"\" \/>                        <div class=\"overlay\"><\/div>            \n                    <\/div>\n\t\t\n        <div class=\"banner-layers container\">\n            <div class=\"fill banner-link\"><\/div>            \n\n   <div id=\"text-box-470631288\" class=\"text-box banner-layer x50 md-x50 lg-x50 y50 md-y50 lg-y50 res-text\">\n                     <div data-animate=\"flipInY\">           <div class=\"text-box-content text dark\">\n              \n              <div class=\"text-inner text-center\">\n                  \n\n<h3 class=\"alt-font\">Quienes somos<\/h3>\n<div class=\"is-divider divider clearfix\" style=\"margin-top:3px;margin-bottom:3px;\"><\/div>\n\n<h1 class=\"h-large uppercase\"><span style=\"font-size: 160%;\"><strong>nuestra empresa<\/strong><\/span><\/h1>\n<h1 class=\"uppercase\">transportes zugom<\/h1>\n<div class=\"is-divider divider clearfix\" ><\/div>\n\n\n              <\/div>\n           <\/div>\n       <\/div>                     \n<style>\n#text-box-470631288 {\n  width: 100%;\n}\n#text-box-470631288 .text-box-content {\n  font-size: 100%;\n}\n@media (min-width:550px) {\n  #text-box-470631288 {\n    width: 87%;\n  }\n}\n<\/style>\n    <\/div>\n \n\n        <\/div>\n      <\/div>\n\n            \n<style>\n#banner-734941025 {\n  padding-top: 500px;\n}\n#banner-734941025 .overlay {\n  background-color: rgba(0,0,0,.5);\n}\n#banner-734941025 .banner-bg img {\n  object-position: 49% 24%;\n}\n<\/style>\n  <\/div>\n\n\n\n     <\/div>\n\n     <div class=\"loading-spin dark large centered\"><\/div>\n\n\t<\/div>\n\n\n<div class=\"row\"  id=\"row-2118254955\">\n\n\n\t<div id=\"col-801246858\" class=\"col small-12 large-12\"  >\n\t\t\t\t<div class=\"col-inner\"  >\n\t\t\t\n\t\t\t\n\n<h3>Conoce m\u00e1s de nosotros<\/h3>\n<p>En Autotransportes ZUGOM, somos una empresa orgullosamente saltillense, fundada en 2024 con el objetivo de ofrecer soluciones de transporte confiables y seguras. Nos especializamos en el traslado de personal, escolar y en viajes, brindando un servicio de calidad que se adapta a las necesidades de nuestros clientes.<\/p>\n<p>Con un equipo comprometido y una flota moderna, en ZUGOM trabajamos para garantizar la puntualidad, comodidad y seguridad en cada trayecto. Nuestra misi\u00f3n es ser el aliado estrat\u00e9gico en la movilidad de personas, aportando valor a las empresas y comunidades a las que servimos.<\/p>\n<p><em>En ZUGOM, no solo movemos personas, movemos historias, conectando destinos y acercando oportunidades.<\/em><\/p>\n<div class=\"is-divider divider clearfix\" ><\/div>\n\n<div class=\"row\"  id=\"row-1338793164\">\n\n\n\t<div id=\"col-827191773\" class=\"col medium-6 small-12 large-6\"  >\n\t\t\t\t<div class=\"col-inner\"  >\n\t\t\t\n\t\t\t\n\n<p><strong>Misi\u00f3n:<\/strong> Brindar soluciones de transporte seguras, confiables y eficientes, enfocadas en la satisfacci\u00f3n de nuestros clientes y en el bienestar de nuestros pasajeros. En Autotransportes ZUGOM, nos comprometemos a mejorar continuamente la calidad de nuestro servicio, promoviendo la puntualidad, la seguridad y el confort en cada viaje, contribuyendo al crecimiento de las empresas y comunidades que servimos.<\/p>\n\n\t\t<\/div>\n\t\t\t\t\t<\/div>\n\n\t\n\n\t<div id=\"col-193040611\" class=\"col medium-6 small-12 large-6\"  >\n\t\t\t\t<div class=\"col-inner\"  >\n\t\t\t\n\t\t\t\n\n<p><strong>Visi\u00f3n:<\/strong> Ser la empresa l\u00edder en servicios de transporte en el norte de M\u00e9xico, reconocida por nuestra excelencia operativa, innovaci\u00f3n tecnol\u00f3gica y compromiso con el cliente. Aspiramos a expandir nuestra presencia, generando un impacto positivo en el desarrollo econ\u00f3mico y social de las regiones donde operamos, mientras mantenemos un enfoque sostenible y responsable con el medio ambiente.<\/p>\n\n\t\t<\/div>\n\t\t\t\t\t<\/div>\n\n\t\n\n<\/div>\n<div class=\"row\"  id=\"row-1378228751\">\n\n\n\t<div id=\"col-1454681168\" class=\"col medium-6 small-12 large-6\"  >\n\t\t\t\t<div class=\"col-inner\"  >\n\t\t\t\n\t\t\t\n\n\t<div class=\"img has-hover x md-x lg-x y md-y lg-y\" id=\"image_1996650922\">\n\t\t\t\t\t\t\t\t<div class=\"img-inner dark\" >\n\t\t\t<img loading=\"lazy\" decoding=\"async\" width=\"1020\" height=\"680\" src=\"https:\/\/transporteszugom.mx\/wp-content\/uploads\/2024\/09\/DSC00053-copy-0-1024x683.jpg\" class=\"attachment-large size-large\" alt=\"\" srcset=\"https:\/\/transporteszugom.mx\/wp-content\/uploads\/2024\/09\/DSC00053-copy-0-1024x683.jpg 1024w, https:\/\/transporteszugom.mx\/wp-content\/uploads\/2024\/09\/DSC00053-copy-0-300x200.jpg 300w, https:\/\/transporteszugom.mx\/wp-content\/uploads\/2024\/09\/DSC00053-copy-0-768x512.jpg 768w, https:\/\/transporteszugom.mx\/wp-content\/uploads\/2024\/09\/DSC00053-copy-0-1536x1024.jpg 1536w, https:\/\/transporteszugom.mx\/wp-content\/uploads\/2024\/09\/DSC00053-copy-0-2048x1365.jpg 2048w, https:\/\/transporteszugom.mx\/wp-content\/uploads\/2024\/09\/DSC00053-copy-0-600x400.jpg 600w\" sizes=\"auto, (max-width: 1020px) 100vw, 1020px\" \/>\t\t\t\t\t\t\n\t\t\t\t\t<\/div>\n\t\t\t\t\t\t\t\t\n<style>\n#image_1996650922 {\n  width: 100%;\n}\n<\/style>\n\t<\/div>\n\t\n\n\n\t\t<\/div>\n\t\t\t\t\t<\/div>\n\n\t\n\n\t<div id=\"col-2099844620\" class=\"col medium-6 small-12 large-6\"  >\n\t\t\t\t<div class=\"col-inner\"  >\n\t\t\t\n\t\t\t\n\n\t<div class=\"img has-hover x md-x lg-x y md-y lg-y\" id=\"image_1649654673\">\n\t\t\t\t\t\t\t\t<div class=\"img-inner dark\" >\n\t\t\t<img loading=\"lazy\" decoding=\"async\" width=\"1020\" height=\"680\" src=\"https:\/\/transporteszugom.mx\/wp-content\/uploads\/2024\/10\/DSC00025-1024x683.jpg\" class=\"attachment-large size-large\" alt=\"\" srcset=\"https:\/\/transporteszugom.mx\/wp-content\/uploads\/2024\/10\/DSC00025-1024x683.jpg 1024w, https:\/\/transporteszugom.mx\/wp-content\/uploads\/2024\/10\/DSC00025-300x200.jpg 300w, https:\/\/transporteszugom.mx\/wp-content\/uploads\/2024\/10\/DSC00025-768x512.jpg 768w, https:\/\/transporteszugom.mx\/wp-content\/uploads\/2024\/10\/DSC00025-1536x1024.jpg 1536w, https:\/\/transporteszugom.mx\/wp-content\/uploads\/2024\/10\/DSC00025-2048x1365.jpg 2048w, https:\/\/transporteszugom.mx\/wp-content\/uploads\/2024\/10\/DSC00025-600x400.jpg 600w\" sizes=\"auto, (max-width: 1020px) 100vw, 1020px\" \/>\t\t\t\t\t\t\n\t\t\t\t\t<\/div>\n\t\t\t\t\t\t\t\t\n<style>\n#image_1649654673 {\n  width: 100%;\n}\n<\/style>\n\t<\/div>\n\t\n\n\n\t\t<\/div>\n\t\t\t\t\t<\/div>\n\n\t\n\n<\/div>\n<div class=\"container section-title-container\" ><h3 class=\"section-title section-title-normal\"><b><\/b><span class=\"section-title-main\" >conoce nuestros valores<\/span><b><\/b><\/h3><\/div>\n\n<div class=\"row\"  id=\"row-1097471943\">\n\n\n\t<div id=\"col-1666583159\" class=\"col medium-6 small-12 large-6\"  >\n\t\t\t\t<div class=\"col-inner\"  >\n\t\t\t\n\t\t\t\n\n<p><strong>Seguridad:<\/strong> Nuestra principal prioridad es garantizar la seguridad de todos nuestros pasajeros y empleados en cada viaje. Cumplimos con estrictas normativas de seguridad y realizamos un mantenimiento constante de nuestra flota.<\/p>\n<p><strong>Puntualidad:<\/strong> Nos comprometemos a cumplir con los horarios establecidos, asegurando que nuestros clientes y pasajeros lleguen a sus destinos de manera oportuna y sin contratiempos.<\/p>\n<p><strong>Calidad en el servicio:<\/strong> Ofrecemos un servicio excepcional, enfocado en superar las expectativas de nuestros clientes, garantizando confort, limpieza y atenci\u00f3n personalizada en cada trayecto.<\/p>\n<p><strong>Compromiso con el cliente:<\/strong> Escuchamos y respondemos a las necesidades de nuestros clientes, adaptando nuestras soluciones de transporte para ofrecerles una experiencia \u00fanica y satisfactoria.<\/p>\n\n\t\t<\/div>\n\t\t\t\t\t<\/div>\n\n\t\n\n\t<div id=\"col-1766067934\" class=\"col medium-6 small-12 large-6\"  >\n\t\t\t\t<div class=\"col-inner\"  >\n\t\t\t\n\t\t\t\n\n<p><strong>Innovaci\u00f3n:<\/strong> Nos mantenemos a la vanguardia tecnol\u00f3gica para optimizar nuestras operaciones, mejorar la eficiencia del servicio y ofrecer herramientas digitales que faciliten la interacci\u00f3n con nuestros usuarios.<\/p>\n<p><strong>Trabajo en equipo:<\/strong> Fomentamos un ambiente de colaboraci\u00f3n y respeto entre nuestro equipo de trabajo, donde cada integrante es fundamental para alcanzar los objetivos comunes y mejorar continuamente.<\/p>\n<p><strong>Responsabilidad social y ambiental:<\/strong> Estamos comprometidos con la sostenibilidad, reduciendo nuestra huella ambiental a trav\u00e9s de pr\u00e1cticas responsables y fomentando una cultura de respeto hacia el entorno en el que operamos.<\/p>\n<p><strong>Transparencia:<\/strong> Actuamos con honestidad y claridad en todas nuestras operaciones y relaciones con clientes, colaboradores y proveedores.<\/p>\n\n\t\t<\/div>\n\t\t\t\t\t<\/div>\n\n\t\n\n<\/div>\n\n\t\t<\/div>\n\t\t\t\t\t<\/div>\n\n\t\n\n<\/div>\n\n","protected":false},"excerpt":{"rendered":"","protected":false},"author":1,"featured_media":0,"parent":0,"menu_order":0,"comment_status":"closed","ping_status":"closed","template":"page-blank.php","meta":{"footnotes":""},"class_list":["post-40","page","type-page","status-publish","hentry"],"_links":{"self":[{"href":"https:\/\/transporteszugom.mx\/index.php\/wp-json\/wp\/v2\/pages\/40","targetHints":{"allow":["GET"]}}],"collection":[{"href":"https:\/\/transporteszugom.mx\/index.php\/wp-json\/wp\/v2\/pages"}],"about":[{"href":"https:\/\/transporteszugom.mx\/index.php\/wp-json\/wp\/v2\/types\/page"}],"author":[{"embeddable":true,"href":"https:\/\/transporteszugom.mx\/index.php\/wp-json\/wp\/v2\/users\/1"}],"replies":[{"embeddable":true,"href":"https:\/\/transporteszugom.mx\/index.php\/wp-json\/wp\/v2\/comments?post=40"}],"version-history":[{"count":4,"href":"https:\/\/transporteszugom.mx\/index.php\/wp-json\/wp\/v2\/pages\/40\/revisions"}],"predecessor-version":[{"id":46,"href":"https:\/\/transporteszugom.mx\/index.php\/wp-json\/wp\/v2\/pages\/40\/revisions\/46"}],"wp:attachment":[{"href":"https:\/\/transporteszugom.mx\/index.php\/wp-json\/wp\/v2\/media?parent=40"}],"curies":[{"name":"wp","href":"https:\/\/api.w.org\/{rel}","templated":true}]}}