{"id":73,"date":"2024-10-04T18:59:29","date_gmt":"2024-10-04T18:59:29","guid":{"rendered":"https:\/\/transporteszugom.mx\/?page_id=73"},"modified":"2024-10-05T15:09:16","modified_gmt":"2024-10-05T15:09:16","slug":"cobertura","status":"publish","type":"page","link":"https:\/\/transporteszugom.mx\/index.php\/cobertura\/","title":{"rendered":"Cobertura"},"content":{"rendered":"\n<div class=\"slider-wrapper relative\" id=\"slider-1550124289\" >\n    <div class=\"slider slider-nav-circle slider-nav-large slider-nav-light slider-style-normal\"\n        data-flickity-options='{\n            \"cellAlign\": \"center\",\n            \"imagesLoaded\": true,\n            \"lazyLoad\": 1,\n            \"freeScroll\": false,\n            \"wrapAround\": true,\n            \"autoPlay\": 6000,\n            \"pauseAutoPlayOnHover\" : true,\n            \"prevNextButtons\": true,\n            \"contain\" : true,\n            \"adaptiveHeight\" : true,\n            \"dragThreshold\" : 10,\n            \"percentPosition\": true,\n            \"pageDots\": true,\n            \"rightToLeft\": false,\n            \"draggable\": true,\n            \"selectedAttraction\": 0.1,\n            \"parallax\" : 0,\n            \"friction\": 0.6        }'\n        >\n        \n\n\n  <div class=\"banner has-hover\" id=\"banner-1235245394\">\n          <div class=\"banner-inner fill\">\n        <div class=\"banner-bg fill\" >\n            <img loading=\"lazy\" decoding=\"async\" width=\"1020\" height=\"698\" src=\"https:\/\/transporteszugom.mx\/wp-content\/uploads\/2024\/10\/pikaso_edit_Candid-image-photography-natural-textures-highly-r-1024x701.jpeg\" class=\"bg attachment-large size-large\" alt=\"\" \/>                        <div class=\"overlay\"><\/div>            \n                    <\/div>\n\t\t\n        <div class=\"banner-layers container\">\n            <div class=\"fill banner-link\"><\/div>            \n\n   <div id=\"text-box-27008528\" class=\"text-box banner-layer x50 md-x50 lg-x50 y50 md-y50 lg-y50 res-text\">\n                     <div data-animate=\"flipInY\">           <div class=\"text-box-content text dark\">\n              \n              <div class=\"text-inner text-center\">\n                  \n\n<h3 class=\"alt-font\">Conoce nuestra<\/h3>\n<div class=\"is-divider divider clearfix\" style=\"margin-top:3px;margin-bottom:3px;\"><\/div>\n\n<h1 class=\"h-large uppercase\"><span style=\"font-size: 160%;\"><strong>cobertura<\/strong><\/span><\/h1>\n<div class=\"is-divider divider clearfix\" ><\/div>\n\n<a href=\"#\" class=\"button white is-outline\"  >\n\t\t<span>Local<\/span>\n\t<\/a>\n\n\n<a href=\"#\" class=\"button white is-outline\"  >\n\t\t<span>Estatal<\/span>\n\t<\/a>\n\n\n<a href=\"#\" class=\"button white is-outline\"  >\n\t\t<span>nacional<\/span>\n\t<\/a>\n\n\n\n              <\/div>\n           <\/div>\n       <\/div>                     \n<style>\n#text-box-27008528 {\n  width: 100%;\n}\n#text-box-27008528 .text-box-content {\n  font-size: 100%;\n}\n@media (min-width:550px) {\n  #text-box-27008528 {\n    width: 70%;\n  }\n}\n<\/style>\n    <\/div>\n \n\n        <\/div>\n      <\/div>\n\n            \n<style>\n#banner-1235245394 {\n  padding-top: 500px;\n}\n#banner-1235245394 .overlay {\n  background-color: rgba(0,0,0,.5);\n}\n#banner-1235245394 .banner-bg img {\n  object-position: 58% 63%;\n}\n<\/style>\n  <\/div>\n\n\n\n     <\/div>\n\n     <div class=\"loading-spin dark large centered\"><\/div>\n\n\t<\/div>\n\n\n\t<div id=\"gap-1116178544\" class=\"gap-element clearfix\" style=\"display:block; height:auto;\">\n\t\t\n<style>\n#gap-1116178544 {\n  padding-top: 40px;\n}\n<\/style>\n\t<\/div>\n\t\n\n<div class=\"row row-divided\"  id=\"row-453087453\">\n\n\n\t<div id=\"col-1995095276\" class=\"col medium-4 large-4\"  >\n\t\t\t\t<div class=\"col-inner\"  >\n\t\t\t\n\t\t\t\n\n\n\t\t<div class=\"icon-box featured-box icon-box-center text-center\"  style=\"margin:0px 0px 0px 0px;\">\n\t\t\t\t\t<div class=\"icon-box-img has-icon-bg\" style=\"width: 46px\">\n\t\t\t\t<div class=\"icon\">\n\t\t\t\t\t<div class=\"icon-inner\" style=\"border-width:2px;color:rgb(182, 182, 182);\">\n\t\t\t\t\t\t<img loading=\"lazy\" decoding=\"async\" width=\"300\" height=\"300\" src=\"https:\/\/transporteszugom.mx\/wp-content\/uploads\/2024\/10\/localizacion-300x300.png\" class=\"attachment-medium size-medium\" alt=\"\" srcset=\"https:\/\/transporteszugom.mx\/wp-content\/uploads\/2024\/10\/localizacion-300x300.png 300w, https:\/\/transporteszugom.mx\/wp-content\/uploads\/2024\/10\/localizacion-150x150.png 150w, https:\/\/transporteszugom.mx\/wp-content\/uploads\/2024\/10\/localizacion-100x100.png 100w, https:\/\/transporteszugom.mx\/wp-content\/uploads\/2024\/10\/localizacion.png 512w\" sizes=\"auto, (max-width: 300px) 100vw, 300px\" \/>\t\t\t\t\t<\/div>\n\t\t\t\t<\/div>\n\t\t\t<\/div>\n\t\t\t\t<div class=\"icon-box-text last-reset\">\n\t\t\t<h5 class=\"uppercase\">Traslados locales<\/h5>\t\t\t\t\t\t\n\n<p>Trabajamos con empresas de Saltillo, Ramos Arizpe y Arteaga en el traslado de personal.<\/p>\n\n\t\t<\/div>\n\t<\/div>\n\t\n\t\n\n\t\t<\/div>\n\t\t\t\t\t<\/div>\n\n\t\n\n\t<div id=\"col-779974462\" class=\"col medium-4 large-4\"  >\n\t\t\t\t<div class=\"col-inner\"  >\n\t\t\t\n\t\t\t\n\n\n\t\t<div class=\"icon-box featured-box icon-box-center text-center\"  style=\"margin:0px 0px 0px 0px;\">\n\t\t\t\t\t<div class=\"icon-box-img has-icon-bg\" style=\"width: 46px\">\n\t\t\t\t<div class=\"icon\">\n\t\t\t\t\t<div class=\"icon-inner\" style=\"border-width:2px;color:rgb(182, 182, 182);\">\n\t\t\t\t\t\t<img loading=\"lazy\" decoding=\"async\" width=\"300\" height=\"300\" src=\"https:\/\/transporteszugom.mx\/wp-content\/uploads\/2024\/10\/tierra-300x300.png\" class=\"attachment-medium size-medium\" alt=\"\" srcset=\"https:\/\/transporteszugom.mx\/wp-content\/uploads\/2024\/10\/tierra-300x300.png 300w, https:\/\/transporteszugom.mx\/wp-content\/uploads\/2024\/10\/tierra-150x150.png 150w, https:\/\/transporteszugom.mx\/wp-content\/uploads\/2024\/10\/tierra-100x100.png 100w, https:\/\/transporteszugom.mx\/wp-content\/uploads\/2024\/10\/tierra.png 512w\" sizes=\"auto, (max-width: 300px) 100vw, 300px\" \/>\t\t\t\t\t<\/div>\n\t\t\t\t<\/div>\n\t\t\t<\/div>\n\t\t\t\t<div class=\"icon-box-text last-reset\">\n\t\t\t<h5 class=\"uppercase\">Traslados Estatales<\/h5>\t\t\t\t\t\t\n\n<p>Si tienes una capacitaci\u00f3n, una boda o necesitas un traslado al aeropuerto, podemos ayudarte.<\/p>\n\n\t\t<\/div>\n\t<\/div>\n\t\n\t\n\n\t\t<\/div>\n\t\t\t\t\t<\/div>\n\n\t\n\n\t<div id=\"col-599283180\" class=\"col medium-4 large-4\"  >\n\t\t\t\t<div class=\"col-inner\"  >\n\t\t\t\n\t\t\t\n\n\n\t\t<div class=\"icon-box featured-box icon-box-center text-center\"  style=\"margin:0px 0px 0px 0px;\">\n\t\t\t\t\t<div class=\"icon-box-img has-icon-bg\" style=\"width: 46px\">\n\t\t\t\t<div class=\"icon\">\n\t\t\t\t\t<div class=\"icon-inner\" style=\"border-width:2px;color:rgb(182, 182, 182);\">\n\t\t\t\t\t\t<img loading=\"lazy\" decoding=\"async\" width=\"300\" height=\"300\" src=\"https:\/\/transporteszugom.mx\/wp-content\/uploads\/2024\/10\/mexico-1-300x300.png\" class=\"attachment-medium size-medium\" alt=\"\" srcset=\"https:\/\/transporteszugom.mx\/wp-content\/uploads\/2024\/10\/mexico-1-300x300.png 300w, https:\/\/transporteszugom.mx\/wp-content\/uploads\/2024\/10\/mexico-1-150x150.png 150w, https:\/\/transporteszugom.mx\/wp-content\/uploads\/2024\/10\/mexico-1-100x100.png 100w, https:\/\/transporteszugom.mx\/wp-content\/uploads\/2024\/10\/mexico-1.png 512w\" sizes=\"auto, (max-width: 300px) 100vw, 300px\" \/>\t\t\t\t\t<\/div>\n\t\t\t\t<\/div>\n\t\t\t<\/div>\n\t\t\t\t<div class=\"icon-box-text last-reset\">\n\t\t\t<h5 class=\"uppercase\">traslados nacionales<\/h5>\t\t\t\t\t\t\n\n<p>Si tienes un evento en otro estado de la republica mexicana podemos apoyarte.<\/p>\n\n\t\t<\/div>\n\t<\/div>\n\t\n\t\n\n\t\t<\/div>\n\t\t\t\t\t<\/div>\n\n\t\n\n<\/div>\n<div class=\"row\"  id=\"row-1320447366\">\n\n\n\t<div id=\"col-600664421\" class=\"col small-12 large-12\"  >\n\t\t\t\t<div class=\"col-inner\"  >\n\t\t\t\n\t\t\t\n\n<p>En Autotransportes ZUGOM, nos enorgullece ofrecer una cobertura amplia y flexible para satisfacer las diversas necesidades de nuestros clientes, ya sea a nivel local o nacional.<\/p>\n<h3><strong>Traslado de Personal<\/strong><\/h3>\n<p>Operamos de manera eficiente en las principales zonas industriales de la regi\u00f3n:<\/p>\n<ul>\n<li><strong>Saltillo<\/strong><\/li>\n<li><strong>Ramos Arizpe<\/strong><\/li>\n<li><strong>Arteaga<\/strong><\/li>\n<\/ul>\n<p>Nuestros servicios est\u00e1n dise\u00f1ados para apoyar a las empresas de estas \u00e1reas con traslados puntuales y seguros, optimizando la movilidad de los colaboradores de corporativos, plantas automotrices, maquiladoras e industrias locales.<\/p>\n<h3><strong>Cobertura Nacional: Turismo, Ejecutivo y Viajes Escolares<\/strong><\/h3>\n<p>Para eventos especiales, turismo, viajes ejecutivos y escolares, ofrecemos servicios de transporte a nivel nacional, conectando a nuestros clientes con destinos en todo M\u00e9xico. Ya sea que se trate de una conferencia, un evento corporativo, un viaje escolar o una excursi\u00f3n familiar, estamos preparados para cubrir las necesidades de movilidad en cualquier estado del pa\u00eds.<\/p>\n<p><strong>Nuestros servicios incluyen:<\/strong><\/p>\n<ul>\n<li><strong>Turismo:<\/strong> Traslados para viajes recreativos, culturales y de esparcimiento en toda la Rep\u00fablica Mexicana.<\/li>\n<li><strong>Ejecutivo:<\/strong> Servicios de transporte para ejecutivos que requieren movilidad confiable y eficiente en sus traslados nacionales.<\/li>\n<li><strong>Escolar:<\/strong> Organizamos viajes escolares a nivel nacional, garantizando la seguridad y comodidad de los estudiantes en cada trayecto.<\/li>\n<\/ul>\n\n\t\t<\/div>\n\t\t\t\t\t<\/div>\n\n\t\n\n<\/div>\n<div class=\"row\"  id=\"row-1372336671\">\n\n\n\t<div id=\"col-118609102\" class=\"col medium-4 small-12 large-4\"  >\n\t\t\t\t<div class=\"col-inner\"  >\n\t\t\t\n\t\t\t\n\n\t<div class=\"img has-hover x md-x lg-x y md-y lg-y\" id=\"image_1557375227\">\n\t\t\t\t\t\t<div data-animate=\"fadeInLeft\">\t\t<div class=\"img-inner image-zoom box-shadow-2 dark\" >\n\t\t\t<img loading=\"lazy\" decoding=\"async\" width=\"1020\" height=\"680\" src=\"https:\/\/transporteszugom.mx\/wp-content\/uploads\/2024\/10\/DSC00008-1024x683.jpg\" class=\"attachment-large size-large\" alt=\"\" srcset=\"https:\/\/transporteszugom.mx\/wp-content\/uploads\/2024\/10\/DSC00008-1024x683.jpg 1024w, https:\/\/transporteszugom.mx\/wp-content\/uploads\/2024\/10\/DSC00008-300x200.jpg 300w, https:\/\/transporteszugom.mx\/wp-content\/uploads\/2024\/10\/DSC00008-768x512.jpg 768w, https:\/\/transporteszugom.mx\/wp-content\/uploads\/2024\/10\/DSC00008-1536x1024.jpg 1536w, https:\/\/transporteszugom.mx\/wp-content\/uploads\/2024\/10\/DSC00008-2048x1365.jpg 2048w, https:\/\/transporteszugom.mx\/wp-content\/uploads\/2024\/10\/DSC00008-600x400.jpg 600w\" sizes=\"auto, (max-width: 1020px) 100vw, 1020px\" \/>\t\t\t\t\t\t\n\t\t\t\t\t<\/div>\n\t\t<\/div>\t\t\t\t\t\t\n<style>\n#image_1557375227 {\n  width: 100%;\n}\n<\/style>\n\t<\/div>\n\t\n\n\n\t\t<\/div>\n\t\t\t\t\t<\/div>\n\n\t\n\n\t<div id=\"col-1747867734\" class=\"col medium-4 small-12 large-4\"  >\n\t\t\t\t<div class=\"col-inner\"  >\n\t\t\t\n\t\t\t\n\n\t<div class=\"img has-hover x md-x lg-x y md-y lg-y\" id=\"image_1316386714\">\n\t\t\t\t\t\t<div data-animate=\"fadeInLeft\">\t\t<div class=\"img-inner image-zoom box-shadow-2 dark\" >\n\t\t\t<img loading=\"lazy\" decoding=\"async\" width=\"1020\" height=\"680\" src=\"https:\/\/transporteszugom.mx\/wp-content\/uploads\/2024\/10\/DSC00027-1024x683.jpg\" class=\"attachment-large size-large\" alt=\"\" srcset=\"https:\/\/transporteszugom.mx\/wp-content\/uploads\/2024\/10\/DSC00027-1024x683.jpg 1024w, https:\/\/transporteszugom.mx\/wp-content\/uploads\/2024\/10\/DSC00027-300x200.jpg 300w, https:\/\/transporteszugom.mx\/wp-content\/uploads\/2024\/10\/DSC00027-768x512.jpg 768w, https:\/\/transporteszugom.mx\/wp-content\/uploads\/2024\/10\/DSC00027-1536x1024.jpg 1536w, https:\/\/transporteszugom.mx\/wp-content\/uploads\/2024\/10\/DSC00027-2048x1365.jpg 2048w, https:\/\/transporteszugom.mx\/wp-content\/uploads\/2024\/10\/DSC00027-600x400.jpg 600w\" sizes=\"auto, (max-width: 1020px) 100vw, 1020px\" \/>\t\t\t\t\t\t\n\t\t\t\t\t<\/div>\n\t\t<\/div>\t\t\t\t\t\t\n<style>\n#image_1316386714 {\n  width: 100%;\n}\n<\/style>\n\t<\/div>\n\t\n\n\n\t\t<\/div>\n\t\t\t\t\t<\/div>\n\n\t\n\n\t<div id=\"col-1271705387\" class=\"col medium-4 small-12 large-4\"  >\n\t\t\t\t<div class=\"col-inner\"  >\n\t\t\t\n\t\t\t\n\n\t<div class=\"img has-hover x md-x lg-x y md-y lg-y\" id=\"image_1505354878\">\n\t\t\t\t\t\t<div data-animate=\"fadeInLeft\">\t\t<div class=\"img-inner image-zoom box-shadow-2 dark\" >\n\t\t\t<img loading=\"lazy\" decoding=\"async\" width=\"1020\" height=\"680\" src=\"https:\/\/transporteszugom.mx\/wp-content\/uploads\/2024\/10\/DSC00050-1024x683.jpg\" class=\"attachment-large size-large\" alt=\"\" srcset=\"https:\/\/transporteszugom.mx\/wp-content\/uploads\/2024\/10\/DSC00050-1024x683.jpg 1024w, https:\/\/transporteszugom.mx\/wp-content\/uploads\/2024\/10\/DSC00050-300x200.jpg 300w, https:\/\/transporteszugom.mx\/wp-content\/uploads\/2024\/10\/DSC00050-768x512.jpg 768w, https:\/\/transporteszugom.mx\/wp-content\/uploads\/2024\/10\/DSC00050-1536x1024.jpg 1536w, https:\/\/transporteszugom.mx\/wp-content\/uploads\/2024\/10\/DSC00050-2048x1365.jpg 2048w, https:\/\/transporteszugom.mx\/wp-content\/uploads\/2024\/10\/DSC00050-600x400.jpg 600w\" sizes=\"auto, (max-width: 1020px) 100vw, 1020px\" \/>\t\t\t\t\t\t\n\t\t\t\t\t<\/div>\n\t\t<\/div>\t\t\t\t\t\t\n<style>\n#image_1505354878 {\n  width: 100%;\n}\n<\/style>\n\t<\/div>\n\t\n\n\n\t\t<\/div>\n\t\t\t\t\t<\/div>\n\n\t\n\n<\/div>\n\t<div id=\"gap-366336771\" class=\"gap-element clearfix\" style=\"display:block; height:auto;\">\n\t\t\n<style>\n#gap-366336771 {\n  padding-top: 40px;\n}\n<\/style>\n\t<\/div>\n\t\n\n\n","protected":false},"excerpt":{"rendered":"","protected":false},"author":1,"featured_media":0,"parent":0,"menu_order":0,"comment_status":"closed","ping_status":"closed","template":"page-blank.php","meta":{"footnotes":""},"class_list":["post-73","page","type-page","status-publish","hentry"],"_links":{"self":[{"href":"https:\/\/transporteszugom.mx\/index.php\/wp-json\/wp\/v2\/pages\/73","targetHints":{"allow":["GET"]}}],"collection":[{"href":"https:\/\/transporteszugom.mx\/index.php\/wp-json\/wp\/v2\/pages"}],"about":[{"href":"https:\/\/transporteszugom.mx\/index.php\/wp-json\/wp\/v2\/types\/page"}],"author":[{"embeddable":true,"href":"https:\/\/transporteszugom.mx\/index.php\/wp-json\/wp\/v2\/users\/1"}],"replies":[{"embeddable":true,"href":"https:\/\/transporteszugom.mx\/index.php\/wp-json\/wp\/v2\/comments?post=73"}],"version-history":[{"count":4,"href":"https:\/\/transporteszugom.mx\/index.php\/wp-json\/wp\/v2\/pages\/73\/revisions"}],"predecessor-version":[{"id":90,"href":"https:\/\/transporteszugom.mx\/index.php\/wp-json\/wp\/v2\/pages\/73\/revisions\/90"}],"wp:attachment":[{"href":"https:\/\/transporteszugom.mx\/index.php\/wp-json\/wp\/v2\/media?parent=73"}],"curies":[{"name":"wp","href":"https:\/\/api.w.org\/{rel}","templated":true}]}}